{"id":1010,"date":"2020-06-16T21:30:55","date_gmt":"2020-06-16T19:30:55","guid":{"rendered":"https:\/\/www.jvdiana.de\/cm\/?page_id=1010"},"modified":"2023-06-24T07:51:56","modified_gmt":"2023-06-24T05:51:56","slug":"jagdhunde","status":"publish","type":"page","link":"https:\/\/www.jvdiana.de\/cm\/jagdhunde\/","title":{"rendered":"Jagdhunde"},"content":{"rendered":"<div id=\"attachment_862\" style=\"width: 692px\" class=\"wp-caption alignnone\"><img loading=\"lazy\" decoding=\"async\" aria-describedby=\"caption-attachment-862\" class=\"size-large wp-image-862\" src=\"https:\/\/www.jvdiana.de\/cm\/wp-content\/uploads\/2019\/12\/DJV_Kauer_Mross_Schwei\u00dfhund-682x1024.jpg\" alt=\"Bild: DJV Kauer \/ Mross\" width=\"682\" height=\"1024\" srcset=\"https:\/\/www.jvdiana.de\/cm\/wp-content\/uploads\/2019\/12\/DJV_Kauer_Mross_Schwei\u00dfhund-682x1024.jpg 682w, https:\/\/www.jvdiana.de\/cm\/wp-content\/uploads\/2019\/12\/DJV_Kauer_Mross_Schwei\u00dfhund-200x300.jpg 200w, https:\/\/www.jvdiana.de\/cm\/wp-content\/uploads\/2019\/12\/DJV_Kauer_Mross_Schwei\u00dfhund-768x1154.jpg 768w, https:\/\/www.jvdiana.de\/cm\/wp-content\/uploads\/2019\/12\/DJV_Kauer_Mross_Schwei\u00dfhund-1022x1536.jpg 1022w, https:\/\/www.jvdiana.de\/cm\/wp-content\/uploads\/2019\/12\/DJV_Kauer_Mross_Schwei\u00dfhund-1363x2048.jpg 1363w, https:\/\/www.jvdiana.de\/cm\/wp-content\/uploads\/2019\/12\/DJV_Kauer_Mross_Schwei\u00dfhund-100x150.jpg 100w, https:\/\/www.jvdiana.de\/cm\/wp-content\/uploads\/2019\/12\/DJV_Kauer_Mross_Schwei\u00dfhund-1200x1803.jpg 1200w, https:\/\/www.jvdiana.de\/cm\/wp-content\/uploads\/2019\/12\/DJV_Kauer_Mross_Schwei\u00dfhund-scaled.jpg 1704w\" sizes=\"auto, (max-width: 682px) 100vw, 682px\" \/><p id=\"caption-attachment-862\" class=\"wp-caption-text\">Bild: DJV Kauer \/ Mross<\/p><\/div>\n<p><strong>Warum ist ein ausgebildeter Jagdhund notwendig?<\/strong><\/p>\n<p><span style=\"font-family: Ubuntu;\">Eine sachgerechte Jagdaus\u00fcbung ist ohne gut ausgebildete Jagdhunde nicht m\u00f6glich. Aus diesem Grund verpflichtet der hessische Gesetzgeber alle J\u00e4gerinnen und J\u00e4ger bei der Jagdaus\u00fcbung einen brauchbaren Jagdhund zuf\u00fchren.<br \/>\n<\/span><\/p>\n<p><span style=\"font-family: Ubuntu;\">\u00a7 28 HJagdG \u2013 Jagdhundehaltung<br \/>\n<\/span><\/p>\n<p><span style=\"font-family: Ubuntu;\">(1) Bei der Such-, Dr\u00fcck- und Treibjagd, bei jeder Jagdart auf Wasserwild sowie bei jeder Nachsuche sind jeweils brauchbare Jagdhunde zu verwenden.<br \/>\n<\/span><\/p>\n<p><span style=\"font-family: Ubuntu;\">(2) Die Jagdbeh\u00f6rde kann Jagdaus\u00fcbungsberechtigte zur Haltung eines zur Nachsuche brauchbaren Jagdhundes verpflichten, sofern sie nicht nachweisen, dass ihnen brauchbare Jagdhunde anderer Hundehalter regelm\u00e4\u00dfig zur Verf\u00fcgung stehen.<br \/>\n<\/span><\/p>\n<p><span style=\"font-family: Ubuntu;\">Unsere Jagdhunde sind \u201eArbeitshunde\u201c, die eine spezielle Ausbildung ben\u00f6tigen, damit sie ihre Arbeitsaufgaben richtig ausf\u00fchren k\u00f6nnen. Ein verantwortungsvoller Hundef\u00fchrer sollte &#8211; ungeachtet der Gesetzgebung &#8211; darauf bedacht sein, seinem Hund eine solide Grundausbildung zu erm\u00f6glichen. Entscheidend dabei sind nicht Pr\u00fcfungen die eine Zucht mit dem Jagdhund erm\u00f6glichen, sondern vielmehr Pr\u00fcfungen zur jagdlichen Brauchbarkeit, deren Inhalte direkt an die eigene Jagdaus\u00fcbung ankn\u00fcpfen. <\/span><span style=\"font-family: Ubuntu;\">Die kontinuierliche Arbeit &#8211; beginnend im Welpenalter &#8211; f\u00f6rdert die Teambildung zwischen Hund und Hundef\u00fchrer. Schon kleine Lernfortschritte bereiten Freude und st\u00e4rken das Vertrauen in die Leistungen des eigenen Hundes. W\u00e4hrend der Jagdaus\u00fcbung kommt es vor, das sich ein beschossenes St\u00fcck Wild noch einige Meter vom Anschuss &#8211; z.B. in eine Dickung fl\u00fcchtet. In dieser Situation ist es nicht nur beruhigend, sondern auch absolut notwendig (Tierschutz) einen brauchbaren Jagdhund f\u00fcr die kurze Nachsuche zur Hand zu haben. Der eigene Hund, als Jagdbegleiter, auf dessen Leistungen und Gehorsam man im Zweifelsfall vertrauen und sich auch verlassen kann, gibt dem Hundef\u00fchrer ein gutes Gef\u00fchl.<\/span><\/p>\n<p><span style=\"font-family: Ubuntu;\">Die Gr\u00fcnde, einen Hundef\u00fchrerlehrgang und die Brauchbarkeitspr\u00fcfung zu absolvieren sind vielschichtig. Mitunter legt ein Lehrgang einen soliden Grundstock, auf den man aufbauen kann. Auch \u00fcber den Lehrgang und die Pr\u00fcfung hinaus, sollten \u00dcbungseinheiten mit dem Hund fortgef\u00fchrt werden um das Erlernte weiter zu vertiefen und zu verbessern.<\/span><\/p>\n","protected":false},"excerpt":{"rendered":"<p>Warum ist ein ausgebildeter Jagdhund notwendig? Eine sachgerechte Jagdaus\u00fcbung ist ohne gut ausgebildete Jagdhunde nicht m\u00f6glich. Aus diesem Grund verpflichtet der hessische Gesetzgeber alle J\u00e4gerinnen und J\u00e4ger bei der Jagdaus\u00fcbung einen brauchbaren Jagdhund zuf\u00fchren. \u00a7 28 HJagdG \u2013 Jagdhundehaltung (1) Bei der Such-, Dr\u00fcck- und Treibjagd, bei jeder Jagdart auf&#8230;<\/p>\n<p> <a class=\"continue-reading-link\" href=\"https:\/\/www.jvdiana.de\/cm\/jagdhunde\/\"><span>Weiterlesen&#8230;<\/span><i class=\"crycon-right-dir\"><\/i><\/a> <\/p>\n","protected":false},"author":1,"featured_media":0,"parent":0,"menu_order":0,"comment_status":"closed","ping_status":"closed","template":"","meta":{"footnotes":""},"class_list":["post-1010","page","type-page","status-publish","hentry"],"_links":{"self":[{"href":"https:\/\/www.jvdiana.de\/cm\/wp-json\/wp\/v2\/pages\/1010","targetHints":{"allow":["GET"]}}],"collection":[{"href":"https:\/\/www.jvdiana.de\/cm\/wp-json\/wp\/v2\/pages"}],"about":[{"href":"https:\/\/www.jvdiana.de\/cm\/wp-json\/wp\/v2\/types\/page"}],"author":[{"embeddable":true,"href":"https:\/\/www.jvdiana.de\/cm\/wp-json\/wp\/v2\/users\/1"}],"replies":[{"embeddable":true,"href":"https:\/\/www.jvdiana.de\/cm\/wp-json\/wp\/v2\/comments?post=1010"}],"version-history":[{"count":4,"href":"https:\/\/www.jvdiana.de\/cm\/wp-json\/wp\/v2\/pages\/1010\/revisions"}],"predecessor-version":[{"id":1720,"href":"https:\/\/www.jvdiana.de\/cm\/wp-json\/wp\/v2\/pages\/1010\/revisions\/1720"}],"wp:attachment":[{"href":"https:\/\/www.jvdiana.de\/cm\/wp-json\/wp\/v2\/media?parent=1010"}],"curies":[{"name":"wp","href":"https:\/\/api.w.org\/{rel}","templated":true}]}}