{"id":1513,"date":"2022-06-01T10:51:44","date_gmt":"2022-06-01T08:51:44","guid":{"rendered":"https:\/\/www.jvdiana.de\/cm\/?page_id=1513"},"modified":"2025-06-14T17:00:28","modified_gmt":"2025-06-14T15:00:28","slug":"schiessstand","status":"publish","type":"page","link":"https:\/\/www.jvdiana.de\/cm\/schiessstand\/","title":{"rendered":"Schie\u00dfstand"},"content":{"rendered":"<p style=\"text-align: left;\"><strong>\u00d6ffnungszeiten:<\/strong><\/p>\n<p style=\"text-align: left;\"><strong>Mittwochs 14:00 &#8211; 18:00 Uhr<\/strong><br \/>\nOffen, Priorit\u00e4t an diesem Tag hat die Schie\u00dfmannschaft des Jagdvereins<\/p>\n<p style=\"text-align: left;\"><strong>Samstags 13:00 &#8211; 18:00 Uhr<\/strong><br \/>\nNur f\u00fcr Hegeringe mit Voranmeldung, <a href=\"https:\/\/www.jvdiana.de\/cm\/download\/\">Termine siehe Schie\u00dfkalender<\/a><\/p>\n<p style=\"text-align: left;\"><strong>Sonntags 09:30 &#8211; 12:00 Uhr<\/strong><br \/>\nOffen, <a href=\"https:\/\/www.jvdiana.de\/cm\/download\/\">Schie\u00dfkalender + Feiertage beachten<\/a><\/p>\n<p>&nbsp;<\/p>\n<p><strong>Schie\u00dfstandnutzung:<\/strong><\/p>\n<p>5,00 Euro &#8211; Mitglieder<\/p>\n<p>7,50 Euro &#8211; Nichtmitglieder<\/p>\n<p>&nbsp;<\/p>\n<p><strong>Anfahrt:<\/strong><\/p>\n<p>B27 aus Richtung Fulda (S\u00fcden) \/ Bad Hersfeld (Norden) kommend<br \/>\n&#8211; Abfahrt H\u00fcnfeld S\u00fcd, Richtung H\u00fcnfeld<br \/>\n&#8211; im Kreisel die erste Abfahrt Richtung N\u00fcsttal<br \/>\n&#8211; n\u00e4chste rechts abbiegen, durch die Ortschaft N\u00fcst durchfahren bis nach Dammersbach<br \/>\n&#8211; in Dammersbach der abbiegenden Vorfahrtsstra\u00dfe (Steinhauser Str.) folgen<br \/>\n&#8211; steilen Berg hoch (Achtung Engstelle)<br \/>\n&#8211; 300m nach dem Ortsausgang rechts auf den Schotterweg abbiegen<\/p>\n<p>Wichtig! Zufahrt nur \u00fcber Dammersbach und die u.a. Route:<\/p>\n<p><a href=\"https:\/\/www.google.com\/maps\/dir\/Zufahrt+Schie%C3%9Fstand+Rosskuppe+-+Jagdverein+Diana+H%C3%BCnfeld,+K12,+36088+H%C3%BCnfeld\/Jagdverein+Diana+H%C3%BCnfeld+e.V.,+Schie%C3%9Fstand+Rosskuppe,+36088+H%C3%BCnfeld\/@50.6270756,9.7633078,738m\/data=!3m2!1e3!4b1!4m14!4m13!1m5!1m1!1s0x47a349dda5bae165:0x6c24e8f65891c894!2m2!1d9.771443!2d50.6253874!1m5!1m1!1s0x47a3484b8c7669d7:0xcf308ac7c1ba8bae!2m2!1d9.7604425!2d50.6290146!3e0?entry=ttu\">Zufahrt Schie\u00dfstand Rosskuppe &#8211; Jagdverein Diana H\u00fcnfeld &#8211; Google Maps<\/a><\/p>\n<p><img loading=\"lazy\" decoding=\"async\" class=\"alignnone wp-image-1690 size-large\" src=\"https:\/\/www.jvdiana.de\/cm\/wp-content\/uploads\/2023\/05\/anfahrt_schiesstand-1024x584.jpg\" alt=\"\" width=\"900\" height=\"513\" srcset=\"https:\/\/www.jvdiana.de\/cm\/wp-content\/uploads\/2023\/05\/anfahrt_schiesstand-1024x584.jpg 1024w, https:\/\/www.jvdiana.de\/cm\/wp-content\/uploads\/2023\/05\/anfahrt_schiesstand-300x171.jpg 300w, https:\/\/www.jvdiana.de\/cm\/wp-content\/uploads\/2023\/05\/anfahrt_schiesstand-768x438.jpg 768w, https:\/\/www.jvdiana.de\/cm\/wp-content\/uploads\/2023\/05\/anfahrt_schiesstand-150x86.jpg 150w, https:\/\/www.jvdiana.de\/cm\/wp-content\/uploads\/2023\/05\/anfahrt_schiesstand-1200x685.jpg 1200w, https:\/\/www.jvdiana.de\/cm\/wp-content\/uploads\/2023\/05\/anfahrt_schiesstand-400x228.jpg 400w, https:\/\/www.jvdiana.de\/cm\/wp-content\/uploads\/2023\/05\/anfahrt_schiesstand.jpg 1281w\" sizes=\"auto, (max-width: 900px) 100vw, 900px\" \/><\/p>\n<p><img loading=\"lazy\" decoding=\"async\" class=\"alignnone size-large wp-image-1694\" src=\"https:\/\/www.jvdiana.de\/cm\/wp-content\/uploads\/2023\/05\/anfahrt_schiesstand_1-1024x550.jpg\" alt=\"\" width=\"900\" height=\"483\" srcset=\"https:\/\/www.jvdiana.de\/cm\/wp-content\/uploads\/2023\/05\/anfahrt_schiesstand_1-1024x550.jpg 1024w, https:\/\/www.jvdiana.de\/cm\/wp-content\/uploads\/2023\/05\/anfahrt_schiesstand_1-300x161.jpg 300w, https:\/\/www.jvdiana.de\/cm\/wp-content\/uploads\/2023\/05\/anfahrt_schiesstand_1-768x413.jpg 768w, https:\/\/www.jvdiana.de\/cm\/wp-content\/uploads\/2023\/05\/anfahrt_schiesstand_1-150x81.jpg 150w, https:\/\/www.jvdiana.de\/cm\/wp-content\/uploads\/2023\/05\/anfahrt_schiesstand_1-1200x645.jpg 1200w, https:\/\/www.jvdiana.de\/cm\/wp-content\/uploads\/2023\/05\/anfahrt_schiesstand_1-400x215.jpg 400w, https:\/\/www.jvdiana.de\/cm\/wp-content\/uploads\/2023\/05\/anfahrt_schiesstand_1.jpg 1444w\" sizes=\"auto, (max-width: 900px) 100vw, 900px\" \/><\/p>\n<p>&nbsp;<\/p>\n","protected":false},"excerpt":{"rendered":"<p>\u00d6ffnungszeiten: Mittwochs 14:00 &#8211; 18:00 Uhr Offen, Priorit\u00e4t an diesem Tag hat die Schie\u00dfmannschaft des Jagdvereins Samstags 13:00 &#8211; 18:00 Uhr Nur f\u00fcr Hegeringe mit Voranmeldung, Termine siehe Schie\u00dfkalender Sonntags 09:30 &#8211; 12:00 Uhr Offen, Schie\u00dfkalender + Feiertage beachten &nbsp; Schie\u00dfstandnutzung: 5,00 Euro &#8211; Mitglieder 7,50 Euro &#8211; Nichtmitglieder &nbsp;&#8230;<\/p>\n<p> <a class=\"continue-reading-link\" href=\"https:\/\/www.jvdiana.de\/cm\/schiessstand\/\"><span>Weiterlesen&#8230;<\/span><i class=\"crycon-right-dir\"><\/i><\/a> <\/p>\n","protected":false},"author":1,"featured_media":0,"parent":0,"menu_order":0,"comment_status":"closed","ping_status":"closed","template":"","meta":{"footnotes":""},"class_list":["post-1513","page","type-page","status-publish","hentry"],"_links":{"self":[{"href":"https:\/\/www.jvdiana.de\/cm\/wp-json\/wp\/v2\/pages\/1513","targetHints":{"allow":["GET"]}}],"collection":[{"href":"https:\/\/www.jvdiana.de\/cm\/wp-json\/wp\/v2\/pages"}],"about":[{"href":"https:\/\/www.jvdiana.de\/cm\/wp-json\/wp\/v2\/types\/page"}],"author":[{"embeddable":true,"href":"https:\/\/www.jvdiana.de\/cm\/wp-json\/wp\/v2\/users\/1"}],"replies":[{"embeddable":true,"href":"https:\/\/www.jvdiana.de\/cm\/wp-json\/wp\/v2\/comments?post=1513"}],"version-history":[{"count":19,"href":"https:\/\/www.jvdiana.de\/cm\/wp-json\/wp\/v2\/pages\/1513\/revisions"}],"predecessor-version":[{"id":1999,"href":"https:\/\/www.jvdiana.de\/cm\/wp-json\/wp\/v2\/pages\/1513\/revisions\/1999"}],"wp:attachment":[{"href":"https:\/\/www.jvdiana.de\/cm\/wp-json\/wp\/v2\/media?parent=1513"}],"curies":[{"name":"wp","href":"https:\/\/api.w.org\/{rel}","templated":true}]}}