{"id":2,"date":"2018-09-03T09:05:24","date_gmt":"2018-09-03T07:05:24","guid":{"rendered":"\/?page_id=2"},"modified":"2026-04-07T21:38:54","modified_gmt":"2026-04-07T19:38:54","slug":"download","status":"publish","type":"page","link":"https:\/\/www.jvdiana.de\/cm\/download\/","title":{"rendered":"Download"},"content":{"rendered":"\r\n<h3 class=\"wp-block-heading\">Jagdhaftpflicht<\/h3>\r\n<p><a href=\"https:\/\/www.jvdiana.de\/cm\/wp-content\/uploads\/2026\/01\/beitrittserklaerung_gruppen-JHV_Jagdverein_Diana_huenfeld_01_2026.pdf\">Formular Beitrittserkl\u00e4rung zum Gruppen-Versicherungsvertrag Gothaer Jagd-Haftpflichtversicherung (*.pdf)<\/a><\/p>\r\n<h3>Jungj\u00e4ger<\/h3>\r\n\r\n\r\n\r\n<div><a href=\"https:\/\/www.jvdiana.de\/cm\/wp-content\/uploads\/2025\/08\/20250804_Ausbildungsplan-25-26.pdf\">Unterrichtsplan Jungj\u00e4gerausbildung 2025 \/ 2026 &#8211; Stand 04.08.2025 (*.pdf)<\/a><\/div>\r\n<div>\u00a0<\/div>\r\n<div>\r\n<h3>Kitzrettung<\/h3>\r\n<div><a href=\"https:\/\/www.jvdiana.de\/cm\/wp-content\/uploads\/2022\/05\/bestaetigung_ueber_rehkitzrettung.pdf\">Best\u00e4tigung \u00fcber Rehkitzrettung mit Drohne (*.pdf)<\/a><\/div>\r\n<div><a href=\"https:\/\/ljv-hessen.de\/wp-content\/uploads\/2022\/05\/LJV_Kitzrettung_Broschuere.pdf\">Checkliste des LJV zur Rehkitzrettung f\u00fcr Drohnen Piloten + Landwirte (*.pdf)<\/a><\/div>\r\n<div><a href=\"https:\/\/ljv-hessen.de\/wp-content\/uploads\/2025\/04\/Kitzrettung_Broschuere2025.pdf\">Brosch\u00fcre des LJV zur Kitzrettung (*.pdf)<\/a><\/div>\r\n<\/div>\r\n<div>\u00a0<\/div>\r\n<h3>Schiesskalender<\/h3>\r\n<p><a href=\"https:\/\/www.jvdiana.de\/cm\/wp-content\/uploads\/2026\/04\/schiesskalender_20260406.pdf\">Schie\u00dfkalender &#8211; Stand 06.04.2026 (*.pdf)<\/a><\/p>\r\n<p>&nbsp;<\/p>\r\n<h3>Satzung, Formulare, Antr\u00e4ge, Vorschriften und Vereinbarungen<\/h3>\r\n<p><br \/><a href=\"https:\/\/www.jvdiana.de\/cm\/wp-content\/uploads\/2020\/10\/eintrittserklaerung_aufnahmeantrag.pdf\">Aufnahmeantrag \/ Eintrittserkl\u00e4rung (*.pdf)<\/a><br \/><a href=\"https:\/\/www.jvdiana.de\/cm\/wp-content\/uploads\/2020\/08\/informationspflicht.pdf\">Informationspflicht zur Datenschutzverordnung (*.pdf)<\/a><br \/><a href=\"https:\/\/www.jvdiana.de\/cm\/wp-content\/uploads\/2024\/12\/Satzung_20240423.pdf\">Satzung &#8211; Stand 23.04.2024 (*.pdf)<\/a><br \/><a href=\"http:\/\/www.jvdiana.de\/cm\/wp-content\/uploads\/2019\/07\/legitimation.pdf\">Legitimation (*.pdf Adobe Acrobat Reader)<\/a><br \/><a href=\"https:\/\/www.jvdiana.de\/cm\/wp-content\/uploads\/2021\/12\/gothaer_beitrittserklaerung_Gruppen_JHV_Jagdverein_Diana_Huenfeld_01_2022.pdf\">Antrag Jagdhaftpflicht f\u00fcr Vereinsmitglieder &#8211; Stand 2022 (*.pdf)<\/a><br \/><a href=\"https:\/\/www.jvdiana.de\/cm\/wp-content\/uploads\/2021\/12\/gothaer_208171_Kundeninformationen_Jagd_Haftpflicht_01_2022.pdf\">Kundeninformation Jagdhaftpflicht Gothaer &#8211; Stand 2021 (*.pdf)<\/a><br \/><a href=\"https:\/\/www.jvdiana.de\/cm\/wp-content\/uploads\/2021\/12\/gothaer_produktblatt_JHV_2021.pdf\">Kurzinfo Gothaer Jagdhaftpflicht (*.pdf)<\/a><br \/><a href=\"http:\/\/www.jvdiana.de\/cm\/wp-content\/uploads\/2019\/07\/gebuehrenordnung.pdf\">Geb\u00fchrenordnung &#8211; Stand 2015 (*.pdf)<\/a><br \/><a href=\"http:\/\/www.jvdiana.de\/cm\/wp-content\/uploads\/2019\/07\/ehrenordnung.pdf\">Ehrenordnung &#8211; Stand 2015 (*.pdf)<\/a><br \/><a href=\"http:\/\/www.jvdiana.de\/cm\/wp-content\/uploads\/2019\/07\/formular_sachkundigeperson.pdf\">Formular Sachkundige Person (*.pdf)<\/a><br \/><a href=\"http:\/\/www.jvdiana.de\/cm\/wp-content\/uploads\/2019\/07\/EU-853_2004_abl_L226_25_06_2005.pdf\">EU-Verordnung (EG) Nr. 853\/2004 des Rates vom 29. April 2004 (*.pdf)<\/a><br \/><a href=\"https:\/\/ljv-hessen.de\/wp-content\/uploads\/2016\/12\/DJV_Schie%C3%9Fvorschrift_01_April_2015_Leseversion.pdf\">DJV Schie\u00dfstandordnung und Schie\u00dfvorschrift (*.pdf)<\/a><\/p>\r\n<p>&nbsp;<\/p>\r\n\r\n\r\n\r\n<h3 class=\"wp-block-heading\">Jagdhunde-Unfallversicherung<\/h3>\r\n<p><a href=\"http:\/\/www.jvdiana.de\/cm\/wp-content\/uploads\/2019\/07\/2015_SPEZ1206_BBR_hunde-unfall_diana_huenfeld.pdf\">Gothaer Versicherung &#8211; Besondere Vereinbarungen zum Gruppenversicherungsvertrag f\u00fcr J\u00e4gerschaften zur Jagdhunde-Unfallversicherung auf Treib- und Gesellschaftsjagden<\/a><\/p>\r\n<p><a href=\"https:\/\/www.jvdiana.de\/cm\/wp-content\/uploads\/2022\/02\/leistungsuebersicht_01-2022-jagdhaftpflicht_rahmenvertrag.pdf\">Leistungs\u00fcbersicht Jagdhaftpflicht Rahmenvertrag<\/a><\/p>\r\n<p>&nbsp;<\/p>\r\n\r\n\r\n\r\n\r\n\r\n<h3 class=\"wp-block-heading\">Kochen-Backen-Wildrezepte<\/h3>\r\n<p><a href=\"http:\/\/www.jvdiana.de\/cm\/wp-content\/uploads\/2019\/07\/apfelkuchen_mit_sauerrahm.pdf\">Apfelkuchen mit Sauerrahm (*.pdf Adobe Acrobat, Quelle: Landlust September\/Oktober 2013)<\/a><br \/><a href=\"http:\/\/www.jvdiana.de\/cm\/wp-content\/uploads\/2019\/07\/pilze_in_kraeuterrahm_und_pilzsalat_mit_gebratener_entenbrust.pdf\">Pilze in Kr\u00e4uterrahm und Pilzsalat mit gebratener Entenbrust (*.pdf, Quelle: Landlust September\/Oktober 2013)<\/a><br \/><a href=\"http:\/\/www.jvdiana.de\/cm\/wp-content\/uploads\/2019\/07\/rehragout_in_spaetburgunder.pdf\">Rehragout in Sp\u00e4tburgunder (*.pdf, Quelle: Landlust September\/Oktober 2013)<\/a><br \/><a href=\"http:\/\/www.jvdiana.de\/cm\/wp-content\/uploads\/2019\/07\/szegediner_gulasch_vom_wildschwein_und_hirschschnitzel_mit_pilzgemuese.pdf\">Szegediner Gulasch vom Wildschwein und Hirschschnitzel mit Pilzgemuese (*.pdf, Quelle: Landlust September\/Oktober 2013)<\/a><br \/><a href=\"http:\/\/www.jvdiana.de\/cm\/wp-content\/uploads\/2019\/07\/wildschweinmedaillons_mit_pilzkruste.pdf\">Wildschweinmedaillons mit Pilzkruste (*.pdf, Quelle: Landlust September\/Oktober 2013)<\/a><\/p>\r\n","protected":false},"excerpt":{"rendered":"<p>Jagdhaftpflicht Formular Beitrittserkl\u00e4rung zum Gruppen-Versicherungsvertrag Gothaer Jagd-Haftpflichtversicherung (*.pdf) Jungj\u00e4ger Jagdhunde-Unfallversicherung Gothaer Versicherung &#8211; Besondere Vereinbarungen zum Gruppenversicherungsvertrag f\u00fcr J\u00e4gerschaften zur Jagdhunde-Unfallversicherung auf Treib- und Gesellschaftsjagden Leistungs\u00fcbersicht Jagdhaftpflicht Rahmenvertrag &nbsp; Kochen-Backen-Wildrezepte Apfelkuchen mit Sauerrahm (*.pdf Adobe Acrobat, Quelle: Landlust September\/Oktober 2013)Pilze in Kr\u00e4uterrahm und Pilzsalat mit gebratener Entenbrust (*.pdf, Quelle: Landlust&#8230;<\/p>\n<p> <a class=\"continue-reading-link\" href=\"https:\/\/www.jvdiana.de\/cm\/download\/\"><span>Weiterlesen&#8230;<\/span><i class=\"crycon-right-dir\"><\/i><\/a> <\/p>\n","protected":false},"author":1,"featured_media":0,"parent":0,"menu_order":0,"comment_status":"closed","ping_status":"open","template":"","meta":{"footnotes":""},"class_list":["post-2","page","type-page","status-publish","hentry"],"_links":{"self":[{"href":"https:\/\/www.jvdiana.de\/cm\/wp-json\/wp\/v2\/pages\/2","targetHints":{"allow":["GET"]}}],"collection":[{"href":"https:\/\/www.jvdiana.de\/cm\/wp-json\/wp\/v2\/pages"}],"about":[{"href":"https:\/\/www.jvdiana.de\/cm\/wp-json\/wp\/v2\/types\/page"}],"author":[{"embeddable":true,"href":"https:\/\/www.jvdiana.de\/cm\/wp-json\/wp\/v2\/users\/1"}],"replies":[{"embeddable":true,"href":"https:\/\/www.jvdiana.de\/cm\/wp-json\/wp\/v2\/comments?post=2"}],"version-history":[{"count":114,"href":"https:\/\/www.jvdiana.de\/cm\/wp-json\/wp\/v2\/pages\/2\/revisions"}],"predecessor-version":[{"id":2091,"href":"https:\/\/www.jvdiana.de\/cm\/wp-json\/wp\/v2\/pages\/2\/revisions\/2091"}],"wp:attachment":[{"href":"https:\/\/www.jvdiana.de\/cm\/wp-json\/wp\/v2\/media?parent=2"}],"curies":[{"name":"wp","href":"https:\/\/api.w.org\/{rel}","templated":true}]}}