{"id":208,"date":"2019-07-21T13:33:11","date_gmt":"2019-07-21T11:33:11","guid":{"rendered":"http:\/\/www.jvdiana.de\/cm\/?page_id=208"},"modified":"2025-09-08T18:46:42","modified_gmt":"2025-09-08T16:46:42","slug":"weblinks","status":"publish","type":"page","link":"https:\/\/www.jvdiana.de\/cm\/weblinks\/","title":{"rendered":"Weblinks"},"content":{"rendered":"<hr \/>\n<p>Wichtige Links zur Afrikanischen Schweinepest (ASP)<br \/>\n<a href=\"https:\/\/landwirtschaft.hessen.de\/Tierschutz-und-Tierseuchen\/Tierseuchen\/Afrikanische-Schweinepest\">Hessisches Ministerium f\u00fcr Landwirtschaft<\/a><\/p>\n<hr \/>\n<p>Falknerei<br \/>\n<a href=\"https:\/\/www.falknereischanze.de\/\">Erlebnis Falknerei Michael Schanze<\/a><\/p>\n<hr \/>\n<p><a href=\"https:\/\/www.huenfeld.de\/\" target=\"_blank\" rel=\"noopener\">Stadt H\u00fcnfeld<\/a><br \/>\nInternetauftritt der Stadt H\u00fcnfeld<\/p>\n<hr \/>\n<p><a href=\"https:\/\/www.huenfeld.de\/\" target=\"_blank\" rel=\"noopener\">Stadt H\u00fcnfeld<\/a><br \/>\nInternetauftritt der Stadt H\u00fcnfeld<\/p>\n<hr \/>\n<p><a href=\"https:\/\/ljv-hessen.de\/\" target=\"_blank\" rel=\"noopener\">Landesjagdverband Hessen<\/a><br \/>\nDachverband auf Landesebene<\/p>\n<hr \/>\n<p><a href=\"https:\/\/www.jagdverband.de\/\" target=\"_blank\" rel=\"noopener\">Deutscher Jagdverband<\/a><br \/>\nDachverband auf Bundesebene<\/p>\n<hr \/>\n<p><a href=\"https:\/\/waidgerechte-jagd.de\/\">Waidgerechte Jagd<\/a><br \/>\nDie Zukunft der Jagd liegt in glaubw\u00fcrdigem, waidgerechtem Handeln<\/p>\n<hr \/>\n<p><a href=\"https:\/\/www.jagdtrainer.de\/\" target=\"_blank\" rel=\"noopener\">Heintges Jagdtrainer<\/a><br \/>\nDer HEINTGES Jagdtrainer ist die perfekte Erg\u00e4nzung zum Jagdkurs und zu den HEINTGES Arbeitsbl\u00e4ttern. Die Lernplattform enth\u00e4lt verschiedene Module, die Sie gezielt auf die schriftliche und m\u00fcndliche J\u00e4gerpr\u00fcfung vorbereiten.<\/p>\n<hr \/>\n<p><a href=\"http:\/\/www.kirchner-raddestorf.de\/jikirchner\/jagd\/rezepte.phtml\" target=\"_blank\" rel=\"noopener\">Wildrezepte<\/a><\/p>\n<hr \/>\n<p><a href=\"https:\/\/www.landkreis-fulda.de\/index.php?id=211&amp;type=0\" target=\"_blank\" rel=\"noopener\">Infos des Landkreis Fulda &#8211; J\u00e4gerpr\u00fcfung<\/a><br \/>\nInfos des Landkreis Fulda zur J\u00e4gerpr\u00fcfung<\/p>\n<hr \/>\n<p><a href=\"https:\/\/www.landkreis-fulda.de\/buergerservice\/oeffentliche-sicherheit\/waffen.html\" target=\"_blank\" rel=\"noopener\">Infos des Landkreis Fulda &#8211; Waffen<\/a><br \/>\nGrunds\u00e4tzliches zum Waffenrecht + Waffenbesitz<\/p>\n<hr \/>\n<p><a href=\"https:\/\/www.landkreis-fulda.de\/buergerservice\/oeffentliche-sicherheit\/waffen\/formulare.html\" target=\"_blank\" rel=\"noopener\">Infos des Landkreis Fulda &#8211; Formulare und Merkbl\u00e4tter<\/a><br \/>\nDie wichtigsten Formulare und Merkbl\u00e4tter zum Thema Waffen<\/p>\n<hr \/>\n<p><a href=\"https:\/\/www.landkreis-fulda.de\/buergerservice\/oeffentliche-sicherheit\/jagd.html\" target=\"_blank\" rel=\"noopener\">Untere Jagdbeh\u00f6rde (UJB) &#8211; Landkreis Fulda<\/a><br \/>\nIn Deutschland gilt das Reviersystem. Danach darf die Jagd von Jagdaus\u00fcbungsberechtigten grunds\u00e4tzlich nur in Eigenjagdbezirken und gemeinschaftlichen Jagdbezirken ausge\u00fcbt werden. Die untere Jagdbeh\u00f6rde beim Kreisausschuss des Landkreises Fulda ist zust\u00e4ndig f\u00fcr das Gebiet des\u00a0gesamten Landkreises Fulda. Die Jagdbeh\u00f6rde wird fachlich beraten durch die Kreisjagdberater.<\/p>\n<hr \/>\n<p><a href=\"https:\/\/rp-kassel.hessen.de\/umwelt-natur\/forsten\/die-obere-jagdbeh%c3%b6rde-des-landes-hessen\" target=\"_blank\" rel=\"noopener\">Obere Jagdbeh\u00f6rde (OJB) &#8211; Regierungspr\u00e4sidium Kassel<\/a><br \/>\nDie obere Jagdbeh\u00f6rde nimmt hoheitliche Aufgaben nach Bundesjagdgesetz, Hessischem Jagdgesetz und Bundeswildschutzverordnung wahr. Jagd- und Schonzeiten in Hessen, Nachsuchengespanne, J\u00e4gerpr\u00fcfungsfragen.<\/p>\n<hr \/>\n<p><a href=\"https:\/\/www.hessen-forst.de\/\" target=\"_blank\" rel=\"noopener\">Hessenforst<\/a><\/p>\n<hr \/>\n<p><a href=\"https:\/\/www.landkreis-fulda.de\/buergerservice\/gesundheit\/tierschutztiergesundheit\" target=\"_blank\" rel=\"noopener\">Landkreis Fulda &#8211; Veterin\u00e4ramt<\/a><\/p>\n<hr \/>\n<p><a href=\"https:\/\/ljv-hessen.de\/der-verband\/ag-junge-jaeger\/\" target=\"_blank\" rel=\"noopener\">AG Junge J\u00e4ger<\/a><br \/>\nForum der J\u00e4gerinnen und J\u00e4ger ab 16 Jahren in Hessen<\/p>\n<hr \/>\n<p><a href=\"http:\/\/www.zum-goldenen-stern.net\/\" target=\"_blank\" rel=\"noopener\">Gastst\u00e4tte zum Goldenen Stern (H\u00fcnfeld-Gro\u00dfenbach)<\/a><br \/>\nGastst\u00e4tte zum Goldenen Stern in Gro\u00dfenbach. Rustikales Ambiente f\u00fcr Feierlichkeiten.<\/p>\n<hr \/>\n<p><a href=\"https:\/\/www.adac.de\/verkehr\/verkehrssicherheit\/tiere\/wildunfaelle\/\" target=\"_blank\" rel=\"noopener\">Was tun bei einem Wildunfall?<\/a><br \/>\nWissenswertes &amp; n\u00fctzliche Hinweise zum Verhalten nach einem Wildunfall, bzw. zur Vermeidung dessen.<\/p>\n<hr \/>\n<p><a href=\"https:\/\/www.gothaer.de\/\" target=\"_blank\" rel=\"noopener\">Gothaer Versicherung<\/a><br \/>\nDie Gothaer als starker Partner. Mit \u00fcber 3,5 Millionen Mitgliedern und Beitragseinnahmen von mehr als vier Milliarden Euro geh\u00f6rt die Gothaer zu den gro\u00dfen deutschen Versicherungskonzernen und ist einer der gr\u00f6\u00dften Versicherungsvereine auf Gegenseitigkeit in Deutschland. Durch qualitativ hochwertige Risiko- und Finanzkonzepte bietet die Gothaer ihren Kunden umfassende L\u00f6sungen, die \u00fcber die reinen Versicherungs- und Vorsorgefragen hinausgehen.<\/p>\n<hr \/>\n<p><a href=\"https:\/\/mobiles-tiny-haus.de\/\" target=\"_blank\" rel=\"noopener\">Mobiles Tiny Haus &#8211; Vital Camp GmbH<\/a><br \/>\nWir erf\u00fcllen Ihnen Ihren Wunsch und planen und bauen f\u00fcr Sie Ihr Mobilheim und tiny Haus auf R\u00e4dern. Lassen Sie sich inspirieren !!<\/p>\n<hr \/>\n<p>&nbsp;<\/p>\n","protected":false},"excerpt":{"rendered":"<p>Wichtige Links zur Afrikanischen Schweinepest (ASP) Hessisches Ministerium f\u00fcr Landwirtschaft Falknerei Erlebnis Falknerei Michael Schanze Stadt H\u00fcnfeld Internetauftritt der Stadt H\u00fcnfeld Stadt H\u00fcnfeld Internetauftritt der Stadt H\u00fcnfeld Landesjagdverband Hessen Dachverband auf Landesebene Deutscher Jagdverband Dachverband auf Bundesebene Waidgerechte Jagd Die Zukunft der Jagd liegt in glaubw\u00fcrdigem, waidgerechtem Handeln Heintges Jagdtrainer&#8230;<\/p>\n<p> <a class=\"continue-reading-link\" href=\"https:\/\/www.jvdiana.de\/cm\/weblinks\/\"><span>Weiterlesen&#8230;<\/span><i class=\"crycon-right-dir\"><\/i><\/a> <\/p>\n","protected":false},"author":1,"featured_media":0,"parent":0,"menu_order":0,"comment_status":"closed","ping_status":"closed","template":"","meta":{"footnotes":""},"class_list":["post-208","page","type-page","status-publish","hentry"],"_links":{"self":[{"href":"https:\/\/www.jvdiana.de\/cm\/wp-json\/wp\/v2\/pages\/208","targetHints":{"allow":["GET"]}}],"collection":[{"href":"https:\/\/www.jvdiana.de\/cm\/wp-json\/wp\/v2\/pages"}],"about":[{"href":"https:\/\/www.jvdiana.de\/cm\/wp-json\/wp\/v2\/types\/page"}],"author":[{"embeddable":true,"href":"https:\/\/www.jvdiana.de\/cm\/wp-json\/wp\/v2\/users\/1"}],"replies":[{"embeddable":true,"href":"https:\/\/www.jvdiana.de\/cm\/wp-json\/wp\/v2\/comments?post=208"}],"version-history":[{"count":29,"href":"https:\/\/www.jvdiana.de\/cm\/wp-json\/wp\/v2\/pages\/208\/revisions"}],"predecessor-version":[{"id":2029,"href":"https:\/\/www.jvdiana.de\/cm\/wp-json\/wp\/v2\/pages\/208\/revisions\/2029"}],"wp:attachment":[{"href":"https:\/\/www.jvdiana.de\/cm\/wp-json\/wp\/v2\/media?parent=208"}],"curies":[{"name":"wp","href":"https:\/\/api.w.org\/{rel}","templated":true}]}}