{"id":32,"date":"2019-07-16T00:49:01","date_gmt":"2019-07-15T22:49:01","guid":{"rendered":"http:\/\/www.jvdiana.de\/cm\/?page_id=32"},"modified":"2021-07-15T19:56:49","modified_gmt":"2021-07-15T17:56:49","slug":"datenschutz","status":"publish","type":"page","link":"https:\/\/www.jvdiana.de\/cm\/datenschutz\/","title":{"rendered":"Datenschutz"},"content":{"rendered":"\r\n<p><strong>Name und Anschrift des Verantwortlichen<\/strong><br \/><br \/>Der Verantwortliche im Sinne der Datenschutz-Grundverordnung und anderer nationaler Datenschutzgesetze der Mitgliedsstaaten sowie sonstiger datenschutzrechtlicher Bestimmungen ist:<br \/><br \/>Jagdverein Diana H\u00fcnfeld e. V.<br \/>Am Striedel 31<br \/>D-36100 Petersberg<\/p>\r\n\r\n\r\n\r\n<p>Vertreten durch:<\/p>\r\n\r\n\r\n\r\n<p>Astrid Schneider-Heil<br \/>Am Striedel 31<br \/>D-36100 Petersberg<br \/>Tel.: +49 151 535 76 485<br \/>E-Mail: info[\u00e4d]jv-diana.de<br \/>Website: <a href=\"https:\/\/www.jv-diana.de\">https:\/\/www.jv-diana.de<\/a> <br \/><br \/>Wir informieren Sie im Folgenden \u00fcber die Verarbeitung Ihrer personenbezogenen Daten im Rahmen der Nutzung unserer Webseite.<br \/><br \/><strong>Umfang, Zweck und Rechtsgrundlage der Verarbeitung personenbezogener Daten <\/strong><br \/><br \/>Wir erheben und verwenden personenbezogene Daten unserer Nutzer grunds\u00e4tzlich nur, soweit dies zur Bereitstellung einer funktionsf\u00e4higen Website sowie unserer Inhalte und Leistungen erforderlich ist. Die Erhebung und Verwendung personenbezogener Daten unserer Nutzer erfolgt regelm\u00e4\u00dfig nur nach Einwilligung des Nutzers. Eine Ausnahme gilt in solchen F\u00e4llen, in denen eine vorherige Einholung einer Einwilligung aus tats\u00e4chlichen Gr\u00fcnden nicht m\u00f6glich ist und die Verarbeitung der Daten durch gesetzliche Vorschriften gestattet ist.<\/p>\r\n\r\n\r\n\r\n<p><strong>Erstellung von Logfiles<\/strong><br \/><br \/>Bei jedem Aufruf unserer Internetseite erfasst unser System automatisiert Daten und Informationen vom Computersystem des aufrufenden Rechners. <br \/>Folgende Daten (\u201etechnische Informationen\u201c) werden hierbei erhoben:<br \/>(1) Informationen \u00fcber den Browsertyp und die verwendete Version<br \/>(2) Das Betriebssystem des Nutzers<br \/>(3) Den Internet-Service-Provider des Nutzers<br \/>(4) Die IP-Adresse des Nutzers<br \/>(5) Datum und Uhrzeit des Zugriffs<br \/>(6) Websites, von denen das System des Nutzers auf unsere Internetseite gelangt <br \/>(7) Websites, die vom System des Nutzers \u00fcber unsere Website aufgerufen werden<\/p>\r\n\r\n\r\n\r\n<p>Dabei verarbeiten wir diese technischen Informationen zu Zwecken der Netzwerksicherheit um z.B. Angriffe bek\u00e4mpfen zu k\u00f6nnen, zu Zwecken des Marketings, um die Anforderungen unserer Nutzer besser verstehen zu k\u00f6nnen und zur Verbesserung unseres Webseitenangebots. <br \/>In diesen Zwecken liegt auch unser berechtigtes Interesse an der Datenverarbeitung nach Art. 6 Abs. 1 lit. f DSGVO.<br \/>Die Erfassung der Daten zur Bereitstellung der Website und die Speicherung der Daten in Logfiles ist f\u00fcr den Betrieb der Internetseite zwingend erforderlich. Es besteht folglich seitens des Nutzers keine Widerspruchsm\u00f6glichkeit.<br \/><br \/><strong>Rechtsgrundlage f\u00fcr die Verarbeitung personenbezogener Daten<\/strong><br \/><br \/>Soweit wir f\u00fcr Verarbeitungsvorg\u00e4nge personenbezogener Daten eine Einwilligung der betroffenen Person einholen, dient Art. 6 Abs. 1 lit. a EU-Datenschutzgrundverordnung (DSGVO) als Rechtsgrundlage f\u00fcr die Verarbeitung personenbezogener Daten.<br \/><br \/>Bei der Verarbeitung von personenbezogenen Daten, die zur Erf\u00fcllung eines Vertrages, dessen Vertragspartei die betroffene Person ist, erforderlich ist, dient Art. 6 Abs. 1 lit. b DSGVO als Rechtsgrundlage. Dies gilt auch f\u00fcr Verarbeitungsvorg\u00e4nge, die zur Durchf\u00fchrung vorvertraglicher Ma\u00dfnahmen erforderlich sind.<br \/><br \/>Soweit eine Verarbeitung personenbezogener Daten zur Erf\u00fcllung einer rechtlichen Verpflichtung erforderlich ist, der unser Verein unterliegt, dient Art. 6 Abs. 1 lit. c DSGVO als Rechtsgrundlage.<br \/>F\u00fcr den Fall, dass lebenswichtige Interessen der betroffenen Person oder einer anderen nat\u00fcrlichen Person eine Verarbeitung personenbezogener Daten erforderlich machen, dient Art. 6 Abs. 1 lit. d DSGVO als Rechtsgrundlage.<br \/><br \/>Ist die Verarbeitung zur Wahrung eines berechtigten Interesses unseres Vereins oder eines Dritten erforderlich und \u00fcberwiegen die Interessen, Grundrechte und Grundfreiheiten des Betroffenen das erstgenannte Interesse nicht, so dient Art. 6 Abs. 1 lit. f DSGVO als Rechtsgrundlage f\u00fcr die Verarbeitung. In diesem Fall sind unsere berechtigten Interessen neben den oben aufgef\u00fchrten Zwecken:<\/p>\r\n\r\n\r\n\r\n<ul class=\"wp-block-list\">\r\n<li>Schutz des Vereins vor materiellen oder immateriellen Sch\u00e4den<\/li>\r\n<\/ul>\r\n\r\n\r\n\r\n<ul class=\"wp-block-list\">\r\n<li>Die Professionalisierung unserer Produkte und Dienstleistungen<\/li>\r\n<\/ul>\r\n\r\n\r\n\r\n<ul class=\"wp-block-list\">\r\n<li>Kostenoptimierung<\/li>\r\n<\/ul>\r\n\r\n\r\n\r\n<p>Weiterhin verarbeiten wir personenbezogene Daten, um handels- oder steuerrechtlichen Aufbewahrungspflichten nachzukommen.<br \/>F\u00fcr gesetzlich vorgeschriebene oder vertragliche Anforderungen haben wir in den Eingabemasken auf unserer Webseite die jeweiligen Eingabefelder gekennzeichnet, die von Ihnen zwingend auszuf\u00fcllen sind, damit wir den von Ihnen gew\u00fcnschten Service erbringen k\u00f6nnen.<\/p>\r\n\r\n\r\n\r\n<p><strong>Datenl\u00f6schung und Speicherdauer<\/strong> <br \/>Die personenbezogenen Daten der betroffenen Person werden gel\u00f6scht oder gesperrt, sobald der Zweck der Speicherung entf\u00e4llt oder nicht mehr erforderlich ist. Dabei kann es vorkommen, dass personenbezogene Daten f\u00fcr die Zeit aufbewahrt werden, in der Anspr\u00fcche gegen unseren Verein geltend gemacht werden k\u00f6nnen (gesetzliche Verj\u00e4hrungsfristen k\u00f6nnen von drei bis zu drei\u00dfig Jahren vorliegen).<br \/>Eine Speicherung kann dar\u00fcber hinaus dann erfolgen, wenn dies durch den europ\u00e4ischen oder nationalen Gesetzgeber in unionsrechtlichen Verordnungen, Gesetzen oder sonstigen Vorschriften, denen der Verantwortliche unterliegt, vorgesehen wurde. <br \/>Entsprechende Nachweis- und Aufbewahrungspflichten ergeben sich unter anderem aus dem Handelsgesetzbuch, der Abgabenordnung und dem Geldw\u00e4schegesetz. Die Speicherfristen betragen danach bis zu zehn Jahren.<br \/>Eine Sperrung oder L\u00f6schung der Daten erfolgt auch dann, wenn eine durch die genannten Normen vorgeschriebene Speicherfrist abl\u00e4uft, es sei denn, dass eine Erforderlichkeit zur weiteren Speicherung der Daten f\u00fcr einen Vertragsabschluss oder eine Vertragserf\u00fcllung besteht.<\/p>\r\n<p><strong>Kontaktformular<\/strong><\/p>\r\n<p class=\"bodytext\">Auf unserer Internetseite ist ein Kontaktformular vorhanden, welches f\u00fcr die elektronische Kontaktaufnahme genutzt werden kann. Nimmt ein Nutzer diese M\u00f6glichkeit war, so werden die in der Eingabemaske eingegeben Daten an uns \u00fcbermittelt und gespeichert. Diese Daten sind:<\/p>\r\n<p class=\"bodytext\">Im Zeitpunkt der Absendung der Nachricht werden zudem folgende Daten gespeichert:<\/p>\r\n<ol>\r\n<li>Vorname<\/li>\r\n<li>Nachname<\/li>\r\n<li>E-Mail Adresse<\/li>\r\n<li>Individuelle Nachricht.<\/li>\r\n<\/ol>\r\n<p class=\"bodytext\">F\u00fcr die Verarbeitung der Daten wird im Rahmen des Absendevorgangs Ihre Einwilligung eingeholt und auf diese Datenschutzerkl\u00e4rung verwiesen.<\/p>\r\n<p class=\"bodytext\">Alternativ ist eine Kontaktaufnahme \u00fcber die bereitgestellte E-Mail-Adresse m\u00f6glich. In diesem Fall werden die mit der E-Mail \u00fcbermittelten personenbezogenen Daten des Nutzers gespeichert.<\/p>\r\n<p class=\"bodytext\">Es erfolgt in diesem Zusammenhang keine Weitergabe der Daten an Dritte. Die Daten werden ausschlie\u00dflich f\u00fcr die Verarbeitung der Konversation verwendet.<\/p>\r\n<p class=\"bodytext\">Die Verarbeitung der personenbezogenen Daten aus der Eingabemaske dient uns allein zur Bearbeitung der Kontaktaufnahme. Im Falle einer Kontaktaufnahme per E-Mail liegt hieran auch das erforderliche berechtigte Interesse an der Verarbeitung der Daten.<\/p>\r\n<p class=\"bodytext\">Die sonstigen w\u00e4hrend des Absendevorgangs verarbeiteten personenbezogenen Daten dienen dazu, einen Missbrauch des Kontaktformulars zu verhindern und die Sicherheit unserer informationstechnischen Systeme sicherzustellen.<\/p>\r\n<p class=\"bodytext\">Rechtsgrundlage f\u00fcr die Verarbeitung der Daten ist bei Vorliegen einer Einwilligung des Nutzers Art. 6 Abs. 1 lit. a DSGVO.<\/p>\r\n<p class=\"bodytext\">Rechtsgrundlage f\u00fcr die Verarbeitung der Daten, die im Zuge einer \u00dcbersendung einer E-Mail \u00fcbermittelt werden, ist Art. 6 Abs. 1 lit. f DSGVO. Zielt der E-Mail-Kontakt auf den Abschluss eines Vertrages ab, so ist zus\u00e4tzliche Rechtsgrundlage f\u00fcr die Verarbeitung Art. 6 Abs. 1 lit. b DSGVO.<\/p>\r\n<p class=\"bodytext\">Die Daten werden gel\u00f6scht, sobald sie f\u00fcr die Erreichung des Zweckes ihrer Erhebung nicht mehr erforderlich sind. F\u00fcr die personenbezogenen Daten aus der Eingabemaske des Kontaktformulars und diejenigen, die per E-Mail \u00fcbersandt wurden, ist dies dann der Fall, wenn die jeweilige Konversation mit dem Nutzer beendet ist. Beendet ist die Konversation dann, wenn sich aus den Umst\u00e4nden entnehmen l\u00e4sst, dass der betroffene Sachverhalt abschlie\u00dfend gekl\u00e4rt ist.<\/p>\r\n<p class=\"bodytext\">Der Nutzer hat jederzeit die M\u00f6glichkeit, seine Einwilligung zur Verarbeitung der personenbezogenen Daten mit Wirkung f\u00fcr die Zukunft zu widerrufen. Nimmt der Nutzer per E-Mail Kontakt mit uns auf, so kann er der Speicherung seiner personenbezogenen Daten jederzeit widersprechen. In einem solchen Fall kann die Konversation nicht fortgef\u00fchrt werden.<\/p>\r\n<p class=\"bodytext\">Alle personenbezogenen Daten, die im Zuge der Kontaktaufnahme gespeichert wurden, werden in diesem Fall gel\u00f6scht.<\/p>\r\n<p><strong>Datenschutzerkl\u00e4rung f\u00fcr die Nutzung von Facebook-Plugins (Like-Button)<\/strong><br \/>Auf unseren Seiten sind Plugins des sozialen Netzwerks Facebook (Facebook Inc., 1601 Willow Road, Menlo Park, California, 94025, USA) integriert. Die Facebook-Plugins erkennen Sie an dem Facebook-Logo oder dem \u201eLike-Button\u201c (\u201eGef\u00e4llt mir\u201c) auf unserer Seite. Eine \u00dcbersicht \u00fcber die Facebook-Plugins finden Sie hier: https:\/\/developers.facebook.com\/docs\/plugins\/<br \/>Wenn Sie unsere Seiten besuchen, wird \u00fcber das Plugin eine direkte Verbindung zwischen Ihrem Browser und dem Facebook-Server hergestellt. Facebook erh\u00e4lt dadurch die Information, dass Sie mit Ihrer IP-Adresse unsere Seite besucht haben. Wenn Sie den Facebook \u201eLike-Button\u201c anklicken w\u00e4hrend Sie in Ihrem Facebook-Account eingeloggt sind, k\u00f6nnen Sie die Inhalte unserer Seiten auf Ihrem Facebook-Profil verlinken. Dadurch kann Facebook den Besuch unserer Seiten Ihrem Benutzerkonto zuordnen. Wir weisen darauf hin, dass wir als Anbieter der Seiten keine Kenntnis vom Inhalt der \u00fcbermittelten Daten sowie deren Nutzung durch Facebook erhalten. Weitere Informationen hierzu finden Sie in der Datenschutzerkl\u00e4rung von facebook unter https:\/\/de-de.facebook.com\/policy.php. Wenn Sie nicht w\u00fcnschen, dass Facebook den Besuch unserer Seiten Ihrem Facebook-Nutzerkonto zuordnen kann, loggen Sie sich bitte aus Ihrem Facebook-Benutzerkonto aus.<\/p>\r\n<div class=\"heading\"><strong>Tracking Tools<\/strong><\/div>\r\n<div>\r\n<p class=\"bodytext\">Auf unserer Webseite verwenden wir folgende Tracking- und Webseitenanalysewerkzeuge:<\/p>\r\n<ul>\r\n<li>Google Analytics<\/li>\r\n<\/ul>\r\n<p class=\"bodytext\">Zweck ist die Effizienzsteigerung unserer Webseite. Dieses Tool wird von einem Drittanbietern betrieben und erfordert die Weitergabe von Daten \u00fcber die Webseitenbesucher.<\/p>\r\n<p class=\"bodytext\">Rechtsgrundlage f\u00fcr den Einsatz der Webseitenanalyse ist Art. 6 Abs. 1 lit. f DSGVO.<\/p>\r\n<\/div>\r\n<p><strong>Cookies<\/strong><br \/>Die Internetseiten verwenden teilweise so genannte Cookies. Cookies richten auf Ihrem Rechner keinen Schaden an und enthalten keine Viren. Cookies dienen dazu, unser Angebot nutzerfreundlicher, effektiver und sicherer zu machen. Cookies sind kleine Textdateien, die auf Ihrem Rechner abgelegt werden und die Ihr Browser speichert.<\/p>\r\n<p>Die meisten der von uns verwendeten Cookies sind so genannte \u201cSession-Cookies\u201d. Sie werden nach Ende Ihres Besuchs automatisch gel\u00f6scht. Andere Cookies bleiben auf Ihrem Endger\u00e4t gespeichert bis Sie diese l\u00f6schen. Diese Cookies erm\u00f6glichen es uns, Ihren Browser beim n\u00e4chsten Besuch wiederzuerkennen.<\/p>\r\n<p>Sie k\u00f6nnen Ihren Browser so einstellen, dass Sie \u00fcber das Setzen von Cookies informiert werden und Cookies nur im Einzelfall erlauben, die Annahme von Cookies f\u00fcr bestimmte F\u00e4lle oder generell ausschlie\u00dfen sowie das automatische L\u00f6schen der Cookies beim Schlie\u00dfen des Browser aktivieren. Bei der Deaktivierung von Cookies kann die Funktionalit\u00e4t dieser Website eingeschr\u00e4nkt sein.<\/p>\r\n<p>Cookies, die zur Durchf\u00fchrung des elektronischen Kommunikationsvorgangs oder zur Bereitstellung bestimmter, von Ihnen erw\u00fcnschter Funktionen (z.B. Warenkorbfunktion) erforderlich sind, werden auf Grundlage von Art. 6 Abs. 1 lit. f DSGVO gespeichert. Der Websitebetreiber hat ein berechtigtes Interesse an der Speicherung von Cookies zur technisch fehlerfreien und optimierten Bereitstellung seiner Dienste. Soweit andere Cookies (z.B. Cookies zur Analyse Ihres Surfverhaltens) gespeichert werden, werden diese in dieser Datenschutzerkl\u00e4rung gesondert behandelt.<br \/>Server-Log-Dateien<\/p>\r\n<p>Der Provider der Seiten erhebt und speichert automatisch Informationen in so genannten Server-Log-Dateien, die Ihr Browser automatisch an uns \u00fcbermittelt. Dies sind:<\/p>\r\n<p>Browsertyp und Browserversion<br \/>verwendetes Betriebssystem<br \/>Referrer URL<br \/>Hostname des zugreifenden Rechners<br \/>Uhrzeit der Serveranfrage<br \/>IP-Adresse<\/p>\r\n<p>Eine Zusammenf\u00fchrung dieser Daten mit anderen Datenquellen wird nicht vorgenommen.<\/p>\r\n<p>Grundlage f\u00fcr die Datenverarbeitung ist Art. 6 Abs. 1 lit. b DSGVO, der die Verarbeitung von Daten zur Erf\u00fcllung eines Vertrags oder vorvertraglicher Ma\u00dfnahmen gestattet.<\/p>\r\n<p><strong>Google Maps<\/strong><br \/>Diese Seite nutzt \u00fcber eine API den Kartendienst Google Maps. Anbieter ist die Google Inc., 1600 Amphitheatre Parkway, Mountain View, CA 94043, USA.<\/p>\r\n<p>Zur Nutzung der Funktionen von Google Maps ist es notwendig, Ihre IP Adresse zu speichern. Diese Informationen werden in der Regel an einen Server von Google in den USA \u00fcbertragen und dort gespeichert. Der Anbieter dieser Seite hat keinen Einfluss auf diese Daten\u00fcbertragung.<\/p>\r\n<p>Die Nutzung von Google Maps erfolgt im Interesse einer ansprechenden Darstellung unserer Online-Angebote und an einer leichten Auffindbarkeit der von uns auf der Website angegebenen Orte. Dies stellt ein berechtigtes Interesse im Sinne von Art. 6 Abs. 1 lit. f DSGVO dar.<\/p>\r\n<p>Mehr Informationen zum Umgang mit Nutzerdaten finden Sie in der Datenschutzerkl\u00e4rung von Google<\/p>\r\n\r\n\r\n\r\n<p><strong>Widerspruchsrecht nach Art. 21 DSGVO<\/strong><br \/>Sie haben das Recht, aus Gr\u00fcnden, die sich aus ihrer besonderen Situation ergeben, jederzeit gegen die Verarbeitung der Sie betreffenden personenbezogenen Daten, die aufgrund von Art. 6 Abs. 1 lit. e oder f DSGVO erfolgt, Widerspruch einzulegen; dies gilt auch f\u00fcr ein auf diese Bestimmungen gest\u00fctztes Profiling.<br \/>Der Verantwortliche verarbeitet die Sie betreffenden personenbezogenen Daten nicht mehr, es sei denn, er kann zwingende schutzw\u00fcrdige Gr\u00fcnde f\u00fcr die Verarbeitung nachweisen, die Ihre Interessen, Rechte und Freiheiten \u00fcberwiegen, oder die Verarbeitung dient der Geltendmachung, Aus\u00fcbung oder Verteidigung von Rechtsanspr\u00fcchen.<br \/>Werden die Sie betreffenden personenbezogenen Daten verarbeitet, um Direktwerbung zu betreiben, haben Sie das Recht, jederzeit Widerspruch gegen die Verarbeitung der Sie betreffenden personenbezogenen Daten zum Zwecke derartiger Werbung einzulegen; dies gilt auch f\u00fcr das Profiling, soweit es mit solcher Direktwerbung in Verbindung steht.<br \/>Widersprechen Sie der Verarbeitung f\u00fcr Zwecke der Direktwerbung, so werden die Sie betreffenden personenbezogenen Daten nicht mehr f\u00fcr diese Zwecke verarbeitet.<br \/>Sie haben die M\u00f6glichkeit, im Zusammenhang mit der Nutzung von Diensten der Informationsgesellschaft \u2013 ungeachtet der Richtlinie 2002\/58\/EG \u2013 Ihr Widerspruchsrecht mittels automatisierter Verfahren auszu\u00fcben, bei denen technische Spezifikationen verwendet werden.<\/p>\r\n\r\n\r\n\r\n<p><strong>Rechte der betroffenen Person<\/strong><br \/>F\u00fcr unseren Verein ist es ein wichtiges Anliegen, unsere Prozesse zur Verarbeitung personenbezogener Daten transparent zu gestalten. Daher weisen wir darauf hin, dass Sie neben dem Widerspruchsrecht weitere Rechte bei Vorliegen der jeweiligen gesetzlichen Voraussetzungen aus\u00fcben k\u00f6nnen:<\/p>\r\n\r\n\r\n\r\n<ul class=\"wp-block-list\">\r\n<li>Recht auf Auskunft nach Art. 15 DSGVO<\/li>\r\n<\/ul>\r\n\r\n\r\n\r\n<ul class=\"wp-block-list\">\r\n<li>Recht auf Berichtigung nach Art. 16 DSGVO<\/li>\r\n<\/ul>\r\n\r\n\r\n\r\n<ul class=\"wp-block-list\">\r\n<li>Recht auf L\u00f6schung (\u201eRecht auf Vergessenwerden\u201c) nach Art. 17 DSGVO<\/li>\r\n<\/ul>\r\n\r\n\r\n\r\n<ul class=\"wp-block-list\">\r\n<li>Recht auf Einschr\u00e4nkung der Verarbeitung nach Art. 18 DSGVO<\/li>\r\n<\/ul>\r\n\r\n\r\n\r\n<ul class=\"wp-block-list\">\r\n<li>Recht auf Unterrichtung nach Art. 19 DSGVO<\/li>\r\n<\/ul>\r\n\r\n\r\n\r\n<ul class=\"wp-block-list\">\r\n<li>Recht auf Daten\u00fcbertragbarkeit nach Art. 20 DSGVO<\/li>\r\n<\/ul>\r\n\r\n\r\n\r\n<ul class=\"wp-block-list\">\r\n<li>(keine) automatisierte Entscheidung im Einzelfall einschlie\u00dflich Profiling nach Art. 21 DSGVO<\/li>\r\n<\/ul>\r\n\r\n\r\n\r\n<p>Um Ihre Rechte wahrzunehmen, k\u00f6nnen Sie sich per E-Mail an info@jv-diana.de wenden. Um Ihren Antrag bearbeiten zu k\u00f6nnen sowie zu Identifizierungszwecken, weisen wir darauf hin, dass wir Ihre personenbezogenen Daten nach Art. 6 Abs. 1 lit. c DSGVO verarbeiten.<\/p>\r\n\r\n\r\n\r\n<p><strong>Einwilligung<\/strong><br \/>Sie haben das Recht, Ihre datenschutzrechtliche Einwilligungserkl\u00e4rung jederzeit mit Wirkung f\u00fcr die Zukunft zu widerrufen. Durch den Widerruf der Einwilligung wird die Rechtm\u00e4\u00dfigkeit der aufgrund der Einwilligung bis zum Widerruf erfolgten Verarbeitung nicht ber\u00fchrt. In einigen F\u00e4llen sind wir trotz des Widerrufs dazu berechtigt, Ihre personenbezogenen Daten auf einer anderen Rechtsgrundlage (zur Erf\u00fcllung eines Vertrages) weiter zu verarbeiten.<\/p>\r\n\r\n\r\n\r\n<p><strong><br \/>Recht auf Beschwerde bei einer Aufsichtsbeh\u00f6rde<\/strong><br \/>Unbeschadet eines anderweitigen verwaltungsrechtlichen oder gerichtlichen Rechtsbehelfs steht Ihnen das Recht auf Beschwerde bei einer Aufsichtsbeh\u00f6rde, insbesondere in dem Mitgliedstaat ihres Aufenthaltsorts, ihres Arbeitsplatzes oder des Orts des mutma\u00dflichen Versto\u00dfes, zu, wenn Sie der Ansicht sind, dass die Verarbeitung der Sie betreffenden personenbezogenen Daten gegen die DSGVO verst\u00f6\u00dft. <br \/>Die Aufsichtsbeh\u00f6rde, bei der die Beschwerde eingereicht wurde, unterrichtet den Beschwerdef\u00fchrer \u00fcber den Stand und die Ergebnisse der Beschwerde einschlie\u00dflich der M\u00f6glichkeit eines gerichtlichen Rechtsbehelfs nach Art. 78 DSGVO.<\/p>\r\n","protected":false},"excerpt":{"rendered":"<p>Name und Anschrift des Verantwortlichen Der Verantwortliche im Sinne der Datenschutz-Grundverordnung und anderer nationaler Datenschutzgesetze der Mitgliedsstaaten sowie sonstiger datenschutzrechtlicher Bestimmungen ist: Jagdverein Diana H\u00fcnfeld e. V.Am Striedel 31D-36100 Petersberg Vertreten durch: Astrid Schneider-HeilAm Striedel 31D-36100 PetersbergTel.: +49 151 535 76 485E-Mail: info[\u00e4d]jv-diana.deWebsite: https:\/\/www.jv-diana.de Wir informieren Sie im Folgenden \u00fcber&#8230;<\/p>\n<p> <a class=\"continue-reading-link\" href=\"https:\/\/www.jvdiana.de\/cm\/datenschutz\/\"><span>Weiterlesen&#8230;<\/span><i class=\"crycon-right-dir\"><\/i><\/a> <\/p>\n","protected":false},"author":1,"featured_media":0,"parent":0,"menu_order":0,"comment_status":"closed","ping_status":"closed","template":"","meta":{"footnotes":""},"class_list":["post-32","page","type-page","status-publish","hentry"],"_links":{"self":[{"href":"https:\/\/www.jvdiana.de\/cm\/wp-json\/wp\/v2\/pages\/32","targetHints":{"allow":["GET"]}}],"collection":[{"href":"https:\/\/www.jvdiana.de\/cm\/wp-json\/wp\/v2\/pages"}],"about":[{"href":"https:\/\/www.jvdiana.de\/cm\/wp-json\/wp\/v2\/types\/page"}],"author":[{"embeddable":true,"href":"https:\/\/www.jvdiana.de\/cm\/wp-json\/wp\/v2\/users\/1"}],"replies":[{"embeddable":true,"href":"https:\/\/www.jvdiana.de\/cm\/wp-json\/wp\/v2\/comments?post=32"}],"version-history":[{"count":11,"href":"https:\/\/www.jvdiana.de\/cm\/wp-json\/wp\/v2\/pages\/32\/revisions"}],"predecessor-version":[{"id":1247,"href":"https:\/\/www.jvdiana.de\/cm\/wp-json\/wp\/v2\/pages\/32\/revisions\/1247"}],"wp:attachment":[{"href":"https:\/\/www.jvdiana.de\/cm\/wp-json\/wp\/v2\/media?parent=32"}],"curies":[{"name":"wp","href":"https:\/\/api.w.org\/{rel}","templated":true}]}}