{"id":667,"date":"2019-07-25T13:03:37","date_gmt":"2019-07-25T11:03:37","guid":{"rendered":"http:\/\/www.jvdiana.de\/cm\/?page_id=667"},"modified":"2025-11-18T20:31:13","modified_gmt":"2025-11-18T19:31:13","slug":"jungjaegerkurs","status":"publish","type":"page","link":"https:\/\/www.jvdiana.de\/cm\/jungjaegerkurs\/","title":{"rendered":"Jungj\u00e4gerkurs"},"content":{"rendered":"<p>&nbsp;<\/p>\n<p><strong>&#8222;Unser heutiges Handeln bestimmt unsere Zukunft von Morgen. Gehen wir mit gutem Beispiel voran und zeigen, warum die Jagd Verantwortung bedeutet und zum Schutz unserer Natur unverzichtbar ist.&#8220;<\/strong><\/p>\n<p><img loading=\"lazy\" decoding=\"async\" class=\"alignnone size-full wp-image-1020\" src=\"https:\/\/www.jvdiana.de\/cm\/wp-content\/uploads\/2020\/06\/jungjaegerkurs_index.jpg\" alt=\"\" width=\"1024\" height=\"768\" srcset=\"https:\/\/www.jvdiana.de\/cm\/wp-content\/uploads\/2020\/06\/jungjaegerkurs_index.jpg 1024w, https:\/\/www.jvdiana.de\/cm\/wp-content\/uploads\/2020\/06\/jungjaegerkurs_index-300x225.jpg 300w, https:\/\/www.jvdiana.de\/cm\/wp-content\/uploads\/2020\/06\/jungjaegerkurs_index-768x576.jpg 768w, https:\/\/www.jvdiana.de\/cm\/wp-content\/uploads\/2020\/06\/jungjaegerkurs_index-150x113.jpg 150w\" sizes=\"auto, (max-width: 1024px) 100vw, 1024px\" \/><\/p>\n<p><strong>Wie kann ich mich zum Lehrgang anmelden?<\/strong><br \/>\n\u00dcber das <a href=\"https:\/\/www.jvdiana.de\/cm\/kontakt\/\">Kontaktformular<\/a> oder per E-Mail an <a href=\"mailto:ausbildung@jv-diana.de\">ausbildung@jv-diana.de<\/a><\/p>\n<p><strong>Mit Anmeldung zu unserem Jungj\u00e4gerkurs erheben wir eine Anmeldegeb\u00fchr, die bei Kursantritt angerechnet wird. Wir wollen damit eine verbindliche Anmeldung gew\u00e4hrleisten sowie einen fairen Umgang mit den Interessenten der Nachr\u00fcckerliste (bei mehr als 17 Anmeldungen) sicherstellen.<\/strong><\/p>\n<p><strong><span style=\"float: none; background-color: #ffffff; color: #333333; font-family: Ubuntu; font-size: 18px; font-style: normal; font-variant: normal; letter-spacing: normal; line-height: 1.5; orphans: 2; text-align: left; text-decoration: none; text-indent: 0px; text-transform: none; -webkit-text-stroke-width: 0px; white-space: normal; word-spacing: 0px; display: inline !important;\">Wie alt muss ich mindestens sein, gibt es ein H\u00f6chstalter?<br \/>\n<\/span><\/strong><span style=\"float: none; background-color: #ffffff; color: #333333; font-family: Ubuntu; font-size: 18px; font-style: normal; font-variant: normal; letter-spacing: normal; line-height: 1.5; orphans: 2; text-align: left; text-decoration: none; text-indent: 0px; text-transform: none; -webkit-text-stroke-width: 0px; white-space: normal; word-spacing: 0px; display: inline !important;\">Das Mindestalter um zur Pr\u00fcfung zugelassen zu werden betr\u00e4gt 16 Jahre. Die Teilnahme am Lehrgang ist bereits mit <strong>15 Jahren m\u00f6glich<\/strong>, wenn die Teilnehmerin \/ der Teilnehmer bis zur Pr\u00fcfung das 16. Lebensjahr vollendet hat. <strong>Ein H\u00f6chstalter gibt es nicht<\/strong>. In unserem Jungj\u00e4gerlehrgang hat auch schon ein Teilnehmer im Alter von 65 Jahren am Lehrgang teilgenommen und die Pr\u00fcfungen erfolgreich absolviert.<\/span><\/p>\n<p><strong>Gibt es eine maximale Teilnehmeranzahl?<\/strong><br \/>\nJa, aufgrund gro\u00dfem Interesse an unserem Lehrgang, m\u00fcssen wir die Teilnehmeranzahl auf maximal 17 Teilnehmer begrenzen.<\/p>\n<p><strong><span style=\"float: none; background-color: #ffffff; color: #333333; font-family: Ubuntu; font-size: 18px; font-style: normal; font-variant: normal; letter-spacing: normal; line-height: 1.5; orphans: 2; text-align: left; text-decoration: none; text-indent: 0px; text-transform: none; -webkit-text-stroke-width: 0px; white-space: normal; word-spacing: 0px; display: inline !important;\">Wie lange dauert der Lehrgang insgesamt?<br \/>\n<\/span><\/strong><span style=\"float: none; background-color: #ffffff; color: #333333; font-family: Ubuntu; font-size: 18px; font-style: normal; font-variant: normal; letter-spacing: normal; line-height: 1.5; orphans: 2; text-align: left; text-decoration: none; text-indent: 0px; text-transform: none; -webkit-text-stroke-width: 0px; white-space: normal; word-spacing: 0px; display: inline !important;\">Lehrgang und die Pr\u00fcfung im Anschluss dauern insgesamt <strong>knapp 1 Jahr<\/strong>. Jedes Jahr im Juli \/ August organisiert der Verein einen Vorstellungsabend, zu dem alle Ausbilder anwesend sind und Interessenten nochmal direkt und pers\u00f6nlich Informationen zum Lehrgang aus erster Hand erhalten k\u00f6nnen. Der Termin des Vorstellungsabends wird rechtzeitig auf der Homepage und in der lokalen Presse bekannt gegeben. Der Lehrgang startet Mitte \/ Ende August und dauert bis Mitte M\u00e4rz des darauffolgenden Jahres. Im April \/ Mai erfolgen dann die Pr\u00fcfungen. <\/span><span style=\"font-family: Ubuntu;\">Der offizielle, feierliche Abschluss, der J\u00e4gerschlag findet dann Mitte \/ Ende Mai statt.\u00a0<\/span><\/p>\n<p><strong>Wann findet der Unterricht statt? Kann ich Beruf und Lehrgang unter einen Hut bringen?<br \/>\n<\/strong>Durch <strong>Blockunterricht in zweiw\u00f6chigem Turnus<\/strong> und den <strong>Schie\u00dfstand als Zentrale Ausbildungsst\u00e4tte<\/strong> hat es der Verein mittlerweile geschafft, die Anfahrtszeiten und Fahrtkosten f\u00fcr die Teilnehmer auf ein Minimum zu reduzieren. Der Verein erm\u00f6glicht damit auch beruflich sehr engagierten Interessenten die Lehrgangsteilnahme. Ein mit vielen Exponaten ausgestatteter Schulungsraum auf dem Schie\u00dfstand macht den Unterricht attraktiver und das Wissen kann in direkter Kombination mit den praxisrelevanten Themen kompakter vermittelt werden. Auch die Schie\u00dfausbildung erfolgt direkt auf dem Schie\u00dfstand. F\u00fcr weitere Details finden Sie im Bereich <a href=\"http:\/\/www.jvdiana.de\/cm\/download\/\">Download den aktuellen Lehrgangsplan<\/a>.<\/p>\n<p><strong>Was kostet der Lehrgang?<br \/>\n<\/strong>Mit der Anmeldung erhebt der Jagdverein eine Anzahlung i.H.v. 350 Euro. Die Lehrgangsgeb\u00fchren betragen 1.200,- Euro und enthalten alle Lehrmittel (Stand 18.11.2025). Die Lehrgangsgeb\u00fchr ist jeweils vor Lehrgangsbeginn auf das Konto des Jagdvereins zu \u00fcberweisen, die get\u00e4tigte Anzahlung wird dann angerechnet.<\/p>\n<p>In der Lehrgangsgeb\u00fchr ist der Mitgliedsbeitrag des Jagdvereines f\u00fcr das laufende Jahr bereits enthalten. Der \u201eHessenj\u00e4ger\u201c als Mitteilungsorgan des Landesjagdverbandes wird mit der verbindlichen Anmeldung per Post zugestellt. F\u00fcr das kommende Jahr wird der g\u00fcltige Jahresbeitrag gem. Satzung f\u00e4llig.<\/p>\n<p>Neben der Lehrgangsgeb\u00fchr ist eine Haftpflichtversicherung abzuschlie\u00dfen, die bereits in der Lehrgangsgeb\u00fchr enthalten ist und bei der Gothaer Versicherung aG \u00fcber den Jagdverein abgeschlossen wird. Weiterhin sind die Geb\u00fchren f\u00fcr einen Fangjagdlehrgang enthalten. Somit fallen noch die Kosten f\u00fcr die Pr\u00fcfungsgeb\u00fchren (210,- \u20ac), Munition (300 &#8211; 350 \u20ac), Schie\u00dfstandbenutung Kurzwaffe und Friedewald (50,- \u20ac) sowie ggfls. privates Lehrmaterial an. Das vom Jagdverein leihweise zur Verf\u00fcgung gestellte Lehrmaterial ist grunds\u00e4tzlich ausreichend. Die Gesamtkosten sind mit <strong>1.400,- bis 1.500,- Euro<\/strong> zu veranschlagen.<\/p>\n<p><strong>Was wird vermittelt, welches sind die Lehrgangsinhalte?<\/strong><br \/>\nNicht nur der <strong>Umgang mit- und die sichere Handhabung der Jagdwaffen<\/strong> und das <strong>Jagdrecht<\/strong>, sondern auch <strong>Kenntnisse \u00fcber die heimischen Wildtierarten<\/strong>, den <strong>Naturschutz<\/strong>, die <strong>Hege und den Jagdbetrieb<\/strong> werden vermittelt. Der <strong>Hund als wichtigster Begleiter des J\u00e4gers<\/strong> sowie die Behandlung des <strong>erlegten Wildes und das Erkennen von Wildkrankheiten<\/strong> sind weitere Lehrgangsinhalte. Nicht zuletzt durch die Vermittlung des <strong>jagdlichen Brauchtums<\/strong> werden Sie in diesem Lehrgang perfekt auf die Aus\u00fcbung des Waidwerks vorbereitet.<\/p>\n<p><strong>Welche Ausbilder vermitteln die Lehrgangsinhalte?<\/strong><br \/>\n<a href=\"https:\/\/www.jvdiana.de\/cm\/die-ausbilder\/\">Ausbilder im Jagdverein Diana<\/a><\/p>\n<p><strong>Wie sind die Pr\u00fcfungen aufgebaut? Kann ich die Pr\u00fcfung wiederholen?<br \/>\n<\/strong>Diese gliedern sich in die <strong>Schriftliche-, Praktisch-M\u00fcndliche- sowie die Schie\u00dfpr\u00fcfung<\/strong>. Die aktuelle Pr\u00fcfungsordnung erm\u00f6glicht es zudem <strong>Durchgefallenen nur die Pr\u00fcfungsteile zu wiederholen<\/strong>, die nicht bestanden wurden. Dies kann dann auch schon in der sogenannten Herbstpr\u00fcfung im gleichen Jahr erfolgen.<\/p>\n<p><strong>Warum sollte ich den Jagdschein beim JV Diana machen?<br \/>\nJagdschule vs. Lehrgang im Jagdverein?<br \/>\n<\/strong>Wer sich mit dem Gedanken tr\u00e4gt, die J\u00e4gerpr\u00fcfung zu absolvieren, stellt sich recht bald die Frage: Gehe ich zu einer privaten Jagdschule oder melde ich mich zu einem Lehrgang bei einem Jagdverein an?<\/p>\n<p>Die Antwort h\u00e4ngt von mehreren Faktoren ab. Die beiden wichtigsten d\u00fcrften wohl Zeit und Geld sein. Ein Kompaktkurs in einer Jagdschule dauert nicht so lange und l\u00e4sst sich vielleicht im Urlaub innerhalb weniger Wochen erledigen. Allerdings ist der Lehrgang in der Jagdschule teurer, besonders wenn man f\u00fcr die Lehrgangsdauer eine Unterkunft vor Ort braucht &#8211; was bei Kompaktkursen der Regelfall ist.<\/p>\n<p>Neben Zeit und Geld spielen bei der Entscheidung \u201cJagdschule oder Lehrgang im Jagdverein\u201d noch andere \u00dcberlegungen eine Rolle. Selbst wenn Zeit und Geld unbeachtet bleiben k\u00f6nnen, sollten Sie zuerst f\u00fcr sich selbst die Frage beantworten: Was ist mir wichtig? Will ich in m\u00f6glichst kurzer Zeit den Jagdschein machen oder m\u00f6chte ich den ersten Schritt auf dem Weg zur J\u00e4gerin, zum J\u00e4ger dort machen, wo ich sp\u00e4ter auch einmal die Jagd aus\u00fcben m\u00f6chte? Will ich nur den \u201cSchein\u201d, oder will ich Mitglied einer Gemeinschaft sein, von Anfang an?<\/p>\n<p>Die Erfahrungen unserer Lehrgangsteilnehmer haben gezeigt, dass die Vorbereitung auf die J\u00e4gerpr\u00fcfung in einem mehrmonatigen Lehrgang unseres Vereines Vorteile gegen\u00fcber der Schnellausbildung in einer kommerziellen Jagdschule hat. Dabei geht es nicht so sehr um die reine Wissensvermittlung oder der stoffliche Umfang der Ausbildung \u2013 diese sind in einer Jagdschule nicht zwangsl\u00e4ufig schlechter \u2013 sondern es sind mehr die lernpsychologischen Aspekte und das Heranf\u00fchren und Hineinwachsen in eine Wertegemeinschaft, was den Unterschied ausmacht.<\/p>\n<p>Menschen sind verschieden \u2013 der eine lernt schnell und ist hoch belastbar, der andere braucht etwas l\u00e4nger, um den Stoff zu verinnerlichen. Auch das Vorwissen spielt eine gro\u00dfe Rolle. Wer mit der Jagd aufgewachsen ist und\/oder aus der Landwirtschaft kommt, der hat schon \u201eBilder im Kopf\u201c, f\u00fcr den ist nicht alles v\u00f6llig fremd. Aber den erlernten Stoff zu Hause in Ruhe nacharbeiten zu k\u00f6nnen, das Team-Building innerhalb eines Lehrgangs, das gemeinsame Erlebnis auf Exkursionen, auf dem Schie\u00dfstand, die aktive Teilnahme an Bewegungsjagden, die Teilhabe an Aktivit\u00e4ten der J\u00e4gerschaft und Ihrer Hegeringe schon w\u00e4hrend der Ausbildung \u2013 das ist es, was unsere Jungj\u00e4gerinnen und Jungj\u00e4ger von anderen unterscheidet. Durch den hohen Praxisanteil in der Ausbildung haben unsere\u00a0Jungj\u00e4gerinnen und Jungj\u00e4ger einen Vorsprung bei ihrem Start ins J\u00e4gerleben, werden akzeptiert und respektiert und sind bei unseren Revierinhabern gern gesehen, wenn sie ihre Mithilfe anbieten.<\/p>\n<p>Wir legen Wert auf die Feststellung, dass es nicht unser Ziel ist, m\u00f6glichst viele Kandidaten durch die J\u00e4gerpr\u00fcfung zu schleusen. Wir arbeiten nicht profitorientiert, sondern bilden unseren eigenen Nachwuchs aus. Die Vermittlung des geforderten Wissens zum Bestehen dieser schweren Pr\u00fcfung ist notwendig, aber nicht hinreichend. Wichtiger aus unserer Sicht ist es, dass wir nicht nur Jagdscheininhaber \u201cproduzieren\u201d, sondern J\u00e4ger. Um aber gerechte J\u00e4ger heranzuformen, bedarf es eben nicht nur der \u201cDruckbetankung\u201d von Lehrstoff in k\u00fcrzester Zeit, sondern der Vermittlung der F\u00e4higkeit, Zusammenh\u00e4nge zu erkennen \u2013 Naturzusammenh\u00e4nge ebenso wie gesellschaftliche und (jagd-)politische Zusammenh\u00e4nge. Das braucht seine Zeit. Wer nur blind Stoff in sich hineinpaukt, um eine Pr\u00fcfung zu bestehen, der wird den Blick f\u00fcrs Ganze, das Bild der Jagd, nicht erlangen.<\/p>\n<p>Die Teilnehmerinnen und Teilnehmer unseres Lehrgangs werden mit gro\u00dfer Sorgfalt und modernen Schulungsmethoden auf das \u201cGr\u00fcne Abitur\u201d vorbereitet. Ausgebildet werden sie von unseren <a href=\"http:\/\/www.jvdiana.de\/cm\/die-ausbilder\/\">erfahrenen Ausbildern<\/a>, in dem jeder ein Experte in seinem Ausbildungsfach ist. Alle unsere Ausbilder sind nat\u00fcrlich aktive J\u00e4ger und Hundef\u00fchrer.<\/p>\n<p>Wenn Sie also auch gerade vor der Frage \u201eJagdschule oder Lehrgang im Verein\u201c stehen, legen Sie sich erst einmal selbst die Karten. Wenn der Beruf und die Familie es zeitlich hergeben, dann sollten Sie sich f\u00fcr den Lehrgang unseres Jagdvereins entscheiden. Wenn sich unser kompakter Kurs mit Blockunterricht (jedes 2. Wochenende) absolut nicht mit Ihrer Zeitplanung verinbaren l\u00e4sst,\u00a0dann suchen Sie sich eine gute Jagdschule. Egal, wie Sie sich entscheiden: Mit bestandener Pr\u00fcfung, werden Sie Mitglied der J\u00e4gerschaft und st\u00e4rken so unsere Interessensvertetung in der Gesellschaft. Unsere Lehrgangsteilnehmer sind es automatisch.<\/p>\n<p><strong>Sollten Sie dar\u00fcber hinaus noch weitere Fragen haben, z\u00f6gern Sie nicht unseren Lehrgangsleiter zu kontaktieren. Er ber\u00e4t Sie gerne und beantwortet Ihre Fragen.<\/strong><\/p>\n<p><img loading=\"lazy\" decoding=\"async\" class=\"alignnone wp-image-93 size-full\" src=\"https:\/\/www.jvdiana.de\/cm\/wp-content\/uploads\/2019\/07\/vorstand_patrick_figge.jpg\" alt=\"\" width=\"200\" height=\"250\" srcset=\"https:\/\/www.jvdiana.de\/cm\/wp-content\/uploads\/2019\/07\/vorstand_patrick_figge.jpg 200w, https:\/\/www.jvdiana.de\/cm\/wp-content\/uploads\/2019\/07\/vorstand_patrick_figge-120x150.jpg 120w\" sizes=\"auto, (max-width: 200px) 100vw, 200px\" \/><\/p>\n<p>Tel.: +49 171 28 15 041<br \/>\nE-Mail: <a href=\"mailto:ausbildung@jv-diana.de\">ausbildung@jv-diana.de<\/a><\/p>\n","protected":false},"excerpt":{"rendered":"<p>&nbsp; &#8222;Unser heutiges Handeln bestimmt unsere Zukunft von Morgen. Gehen wir mit gutem Beispiel voran und zeigen, warum die Jagd Verantwortung bedeutet und zum Schutz unserer Natur unverzichtbar ist.&#8220; Wie kann ich mich zum Lehrgang anmelden? \u00dcber das Kontaktformular oder per E-Mail an ausbildung@jv-diana.de Mit Anmeldung zu unserem Jungj\u00e4gerkurs erheben&#8230;<\/p>\n<p> <a class=\"continue-reading-link\" href=\"https:\/\/www.jvdiana.de\/cm\/jungjaegerkurs\/\"><span>Weiterlesen&#8230;<\/span><i class=\"crycon-right-dir\"><\/i><\/a> <\/p>\n","protected":false},"author":1,"featured_media":0,"parent":0,"menu_order":0,"comment_status":"closed","ping_status":"closed","template":"","meta":{"footnotes":""},"class_list":["post-667","page","type-page","status-publish","hentry"],"_links":{"self":[{"href":"https:\/\/www.jvdiana.de\/cm\/wp-json\/wp\/v2\/pages\/667","targetHints":{"allow":["GET"]}}],"collection":[{"href":"https:\/\/www.jvdiana.de\/cm\/wp-json\/wp\/v2\/pages"}],"about":[{"href":"https:\/\/www.jvdiana.de\/cm\/wp-json\/wp\/v2\/types\/page"}],"author":[{"embeddable":true,"href":"https:\/\/www.jvdiana.de\/cm\/wp-json\/wp\/v2\/users\/1"}],"replies":[{"embeddable":true,"href":"https:\/\/www.jvdiana.de\/cm\/wp-json\/wp\/v2\/comments?post=667"}],"version-history":[{"count":35,"href":"https:\/\/www.jvdiana.de\/cm\/wp-json\/wp\/v2\/pages\/667\/revisions"}],"predecessor-version":[{"id":2036,"href":"https:\/\/www.jvdiana.de\/cm\/wp-json\/wp\/v2\/pages\/667\/revisions\/2036"}],"wp:attachment":[{"href":"https:\/\/www.jvdiana.de\/cm\/wp-json\/wp\/v2\/media?parent=667"}],"curies":[{"name":"wp","href":"https:\/\/api.w.org\/{rel}","templated":true}]}}